{"id":7365,"date":"2021-04-30T07:58:26","date_gmt":"2021-04-30T07:58:26","guid":{"rendered":"https:\/\/www.eeee.ba\/?post_type=product&#038;p=7365"},"modified":"2021-04-30T08:08:27","modified_gmt":"2021-04-30T08:08:27","slug":"ip-telefonija","status":"publish","type":"product","link":"http:\/\/www.eeee.ba\/en\/product\/ip-telefonija\/","title":{"rendered":"IP Telephony"},"content":{"rendered":"<p>Voice Over Internet Protocol odnosno VoIP predstavlja tehnologiju prijenosa glasovne komunikacije i multimedijalnih sesija (video konferencije i sl.) preko Internet mre\u017ea. Umjesto klasi\u010dnih telefonskih linija, za prenos govora se koriste savremeni putevi \u0161irokopojasnog Interneta. Na\u0161a rije\u0161enja prije svega su namijenjena poslovnim korisnicima, u skladu s na\u0161om poslovnom politikom. Razlozi koji mogu da Vas opredijele za primjenu ovog rje\u0161enja su zaista brojni, a mi \u0107emo ovom prilikom navesti samo neke od njih:<\/p>\n<p>IP Telefonija elimini\u0161e tehni\u010dka ograni\u010denja broja lokala u Va\u0161oj kompaniji. Za razliku od ve\u0107ine klasi\u010dnih telefonskih centrala, kona\u010dno mo\u017eete da zaboravite na tehni\u010dka ograni\u010denja u smislu broja lokala koje je mogu\u0107e povezati na sistem.<br \/>\nKoristi ve\u0107 postoje\u0107u mre\u017enu infrastrukturu i omogu\u0107ava da se podatkovna, video i glasovna komunikacija integri\u0161u u jedinstven i lako upravljiv servis.<br \/>\nIP Telefonija omogu\u0107ava primjenu naprednih funkcija koje nije mogu\u0107e koristiti kod klasi\u010dnih telefonskih centrala ili ih operateri dodatno napla\u0107uju. Neke od njih su: ispis broja pozivatelja, poziv na \u010dekanju, proslije\u0111ivanje poziva, automatsko proslije\u0111ivanje poziva, konferencijski pozivi, proslije\u0111ivanje glasovnih poruka na mail, proslije\u0111ivanje fax-ova na mail, slanje fax-ova s mail-a, video pozivi, dodijeljivanje i zabrana prava pristupa, prema vanjskim telefonskim brojevima i destinacijama (npr. inostranstvo).<br \/>\nPovezivanje s drugim centralama (filijale, ogranci, poslovni partneri) i besplatna komunikacija.<br \/>\nPovezivanje na centralu s udaljene lokacije \u2013 niste vezani za radno mjesto, svoj telefon mo\u017eete da koristite na bilo kojoj lokaciji koja je povezana na Internet.<br \/>\nIstovremeno povezivanje s razli\u010ditim davaocima telefonskih usluga (PSTN, GSM, VoIP) i preusmjeravanje poziva preko najpovoljnije putanje.<br \/>\nIspis svih poziva \u2013 pozvani broj, vrijeme uspostave, zavr\u0161etka i du\u017eina trajanja razgovora.<br \/>\nUkupne u\u0161tede mogu da budu od 40% do \u010dak 70%, zavisno od strukture Va\u0161ih telefonskih poziva. Najve\u0107e u\u0161tede se ostvaruju na pozivima prema inostranstvu.<\/p>\n","protected":false},"excerpt":{"rendered":"<p>Voice Over Internet Protocol odnosno VoIP predstavlja tehnologiju prijenosa glasovne komunikacije i multimedijalnih sesija (video konferencije i sl.) preko Internet<\/p>\n","protected":false},"featured_media":7366,"template":"","meta":[],"class_list":["post-7365","product","type-product","status-publish","has-post-thumbnail","hentry","product_cat-ip-telefonija","product_tag-ip-telefonija"],"_links":{"self":[{"href":"http:\/\/www.eeee.ba\/en\/wp-json\/wp\/v2\/product\/7365","targetHints":{"allow":["GET"]}}],"collection":[{"href":"http:\/\/www.eeee.ba\/en\/wp-json\/wp\/v2\/product"}],"about":[{"href":"http:\/\/www.eeee.ba\/en\/wp-json\/wp\/v2\/types\/product"}],"wp:featuredmedia":[{"embeddable":true,"href":"http:\/\/www.eeee.ba\/en\/wp-json\/wp\/v2\/media\/7366"}],"wp:attachment":[{"href":"http:\/\/www.eeee.ba\/en\/wp-json\/wp\/v2\/media?parent=7365"}],"curies":[{"name":"wp","href":"https:\/\/api.w.org\/{rel}","templated":true}]}}